{"id":13568,"date":"2019-10-25T11:03:46","date_gmt":"2019-10-25T09:03:46","guid":{"rendered":"https:\/\/www.hkst.de\/foerderung-copy\/"},"modified":"2019-10-25T11:03:46","modified_gmt":"2019-10-25T09:03:46","slug":"foerderung-copy","status":"publish","type":"page","link":"https:\/\/www.hkst.de\/en\/foerderung-copy\/","title":{"rendered":"F\u00f6rderung  Kopieren"},"content":{"rendered":"","protected":false},"excerpt":{"rendered":"","protected":false},"author":2,"featured_media":5648,"parent":0,"menu_order":0,"comment_status":"closed","ping_status":"closed","template":"page.php","meta":{"_acf_changed":false,"footnotes":""},"class_list":["post-13568","page","type-page","status-publish","has-post-thumbnail","hentry"],"acf":[],"yoast_head":"<!-- This site is optimized with the Yoast SEO plugin v27.2 - https:\/\/yoast.com\/product\/yoast-seo-wordpress\/ -->\n<title>F\u00f6rderung Kopieren &#183; Hessische Kulturstiftung<\/title>\n<meta name=\"robots\" content=\"index, follow, max-snippet:-1, max-image-preview:large, max-video-preview:-1\" \/>\n<link rel=\"canonical\" href=\"https:\/\/www.hkst.de\/en\/foerderung-copy\/\" \/>\n<meta property=\"og:locale\" content=\"en_US\" \/>\n<meta property=\"og:type\" content=\"article\" \/>\n<meta property=\"og:title\" content=\"F\u00f6rderung Kopieren &#183; Hessische Kulturstiftung\" \/>\n<meta property=\"og:url\" content=\"https:\/\/www.hkst.de\/en\/foerderung-copy\/\" \/>\n<meta property=\"og:site_name\" content=\"Hessische Kulturstiftung\" \/>\n<meta property=\"og:image\" content=\"https:\/\/www.hkst.de\/wp-content\/uploads\/2016\/08\/Nathaniel-Sheppard_Ke-Dezemba-Boss_2015_Sammlung-des-K\u00fcnstlers_Weltkulturen-Museum_Foto_Wolfgang-G\u00fcnzel-1503x1700.jpg\" \/>\n\t<meta property=\"og:image:width\" content=\"1503\" \/>\n\t<meta property=\"og:image:height\" content=\"1700\" \/>\n\t<meta property=\"og:image:type\" content=\"image\/jpeg\" \/>\n<meta name=\"twitter:card\" content=\"summary_large_image\" \/>\n<script type=\"application\/ld+json\" class=\"yoast-schema-graph\">{\"@context\":\"https:\/\/schema.org\",\"@graph\":[{\"@type\":\"WebPage\",\"@id\":\"https:\/\/www.hkst.de\/en\/foerderung-copy\/\",\"url\":\"https:\/\/www.hkst.de\/en\/foerderung-copy\/\",\"name\":\"F\u00f6rderung Kopieren &#183; Hessische Kulturstiftung\",\"isPartOf\":{\"@id\":\"https:\/\/www.hkst.de\/#website\"},\"primaryImageOfPage\":{\"@id\":\"https:\/\/www.hkst.de\/en\/foerderung-copy\/#primaryimage\"},\"image\":{\"@id\":\"https:\/\/www.hkst.de\/en\/foerderung-copy\/#primaryimage\"},\"thumbnailUrl\":\"https:\/\/www.hkst.de\/wp-content\/uploads\/2016\/08\/Nathaniel-Sheppard_Ke-Dezemba-Boss_2015_Sammlung-des-K\u00fcnstlers_Weltkulturen-Museum_Foto_Wolfgang-G\u00fcnzel.jpg\",\"datePublished\":\"2019-10-25T09:03:46+00:00\",\"breadcrumb\":{\"@id\":\"https:\/\/www.hkst.de\/en\/foerderung-copy\/#breadcrumb\"},\"inLanguage\":\"en-US\",\"potentialAction\":[{\"@type\":\"ReadAction\",\"target\":[\"https:\/\/www.hkst.de\/en\/foerderung-copy\/\"]}]},{\"@type\":\"ImageObject\",\"inLanguage\":\"en-US\",\"@id\":\"https:\/\/www.hkst.de\/en\/foerderung-copy\/#primaryimage\",\"url\":\"https:\/\/www.hkst.de\/wp-content\/uploads\/2016\/08\/Nathaniel-Sheppard_Ke-Dezemba-Boss_2015_Sammlung-des-K\u00fcnstlers_Weltkulturen-Museum_Foto_Wolfgang-G\u00fcnzel.jpg\",\"contentUrl\":\"https:\/\/www.hkst.de\/wp-content\/uploads\/2016\/08\/Nathaniel-Sheppard_Ke-Dezemba-Boss_2015_Sammlung-des-K\u00fcnstlers_Weltkulturen-Museum_Foto_Wolfgang-G\u00fcnzel.jpg\",\"width\":2500,\"height\":2827,\"caption\":\"Nathaniel Sheppard Ke Dezemba Boss, 2015 Sammlung des K\u00fcnstlers Weltkulturen Museum Frankfurt, Foto: Wolfgang G\u00fcnzel\"},{\"@type\":\"BreadcrumbList\",\"@id\":\"https:\/\/www.hkst.de\/en\/foerderung-copy\/#breadcrumb\",\"itemListElement\":[{\"@type\":\"ListItem\",\"position\":1,\"name\":\"Aktuell\",\"item\":\"https:\/\/www.hkst.de\/\"},{\"@type\":\"ListItem\",\"position\":2,\"name\":\"F\u00f6rderung Kopieren\"}]},{\"@type\":\"WebSite\",\"@id\":\"https:\/\/www.hkst.de\/#website\",\"url\":\"https:\/\/www.hkst.de\/\",\"name\":\"Hessische Kulturstiftung\",\"description\":\"-\",\"potentialAction\":[{\"@type\":\"SearchAction\",\"target\":{\"@type\":\"EntryPoint\",\"urlTemplate\":\"https:\/\/www.hkst.de\/?s={search_term_string}\"},\"query-input\":{\"@type\":\"PropertyValueSpecification\",\"valueRequired\":true,\"valueName\":\"search_term_string\"}}],\"inLanguage\":\"en-US\"}]}<\/script>\n<!-- \/ Yoast SEO plugin. -->","yoast_head_json":{"title":"F\u00f6rderung Kopieren &#183; Hessische Kulturstiftung","robots":{"index":"index","follow":"follow","max-snippet":"max-snippet:-1","max-image-preview":"max-image-preview:large","max-video-preview":"max-video-preview:-1"},"canonical":"https:\/\/www.hkst.de\/en\/foerderung-copy\/","og_locale":"en_US","og_type":"article","og_title":"F\u00f6rderung Kopieren &#183; Hessische Kulturstiftung","og_url":"https:\/\/www.hkst.de\/en\/foerderung-copy\/","og_site_name":"Hessische Kulturstiftung","og_image":[{"width":1503,"height":1700,"url":"https:\/\/www.hkst.de\/wp-content\/uploads\/2016\/08\/Nathaniel-Sheppard_Ke-Dezemba-Boss_2015_Sammlung-des-K\u00fcnstlers_Weltkulturen-Museum_Foto_Wolfgang-G\u00fcnzel-1503x1700.jpg","type":"image\/jpeg"}],"twitter_card":"summary_large_image","schema":{"@context":"https:\/\/schema.org","@graph":[{"@type":"WebPage","@id":"https:\/\/www.hkst.de\/en\/foerderung-copy\/","url":"https:\/\/www.hkst.de\/en\/foerderung-copy\/","name":"F\u00f6rderung Kopieren &#183; Hessische Kulturstiftung","isPartOf":{"@id":"https:\/\/www.hkst.de\/#website"},"primaryImageOfPage":{"@id":"https:\/\/www.hkst.de\/en\/foerderung-copy\/#primaryimage"},"image":{"@id":"https:\/\/www.hkst.de\/en\/foerderung-copy\/#primaryimage"},"thumbnailUrl":"https:\/\/www.hkst.de\/wp-content\/uploads\/2016\/08\/Nathaniel-Sheppard_Ke-Dezemba-Boss_2015_Sammlung-des-K\u00fcnstlers_Weltkulturen-Museum_Foto_Wolfgang-G\u00fcnzel.jpg","datePublished":"2019-10-25T09:03:46+00:00","breadcrumb":{"@id":"https:\/\/www.hkst.de\/en\/foerderung-copy\/#breadcrumb"},"inLanguage":"en-US","potentialAction":[{"@type":"ReadAction","target":["https:\/\/www.hkst.de\/en\/foerderung-copy\/"]}]},{"@type":"ImageObject","inLanguage":"en-US","@id":"https:\/\/www.hkst.de\/en\/foerderung-copy\/#primaryimage","url":"https:\/\/www.hkst.de\/wp-content\/uploads\/2016\/08\/Nathaniel-Sheppard_Ke-Dezemba-Boss_2015_Sammlung-des-K\u00fcnstlers_Weltkulturen-Museum_Foto_Wolfgang-G\u00fcnzel.jpg","contentUrl":"https:\/\/www.hkst.de\/wp-content\/uploads\/2016\/08\/Nathaniel-Sheppard_Ke-Dezemba-Boss_2015_Sammlung-des-K\u00fcnstlers_Weltkulturen-Museum_Foto_Wolfgang-G\u00fcnzel.jpg","width":2500,"height":2827,"caption":"Nathaniel Sheppard Ke Dezemba Boss, 2015 Sammlung des K\u00fcnstlers Weltkulturen Museum Frankfurt, Foto: Wolfgang G\u00fcnzel"},{"@type":"BreadcrumbList","@id":"https:\/\/www.hkst.de\/en\/foerderung-copy\/#breadcrumb","itemListElement":[{"@type":"ListItem","position":1,"name":"Aktuell","item":"https:\/\/www.hkst.de\/"},{"@type":"ListItem","position":2,"name":"F\u00f6rderung Kopieren"}]},{"@type":"WebSite","@id":"https:\/\/www.hkst.de\/#website","url":"https:\/\/www.hkst.de\/","name":"Hessische Kulturstiftung","description":"-","potentialAction":[{"@type":"SearchAction","target":{"@type":"EntryPoint","urlTemplate":"https:\/\/www.hkst.de\/?s={search_term_string}"},"query-input":{"@type":"PropertyValueSpecification","valueRequired":true,"valueName":"search_term_string"}}],"inLanguage":"en-US"}]}},"_links":{"self":[{"href":"https:\/\/www.hkst.de\/en\/wp-json\/wp\/v2\/pages\/13568","targetHints":{"allow":["GET"]}}],"collection":[{"href":"https:\/\/www.hkst.de\/en\/wp-json\/wp\/v2\/pages"}],"about":[{"href":"https:\/\/www.hkst.de\/en\/wp-json\/wp\/v2\/types\/page"}],"author":[{"embeddable":true,"href":"https:\/\/www.hkst.de\/en\/wp-json\/wp\/v2\/users\/2"}],"replies":[{"embeddable":true,"href":"https:\/\/www.hkst.de\/en\/wp-json\/wp\/v2\/comments?post=13568"}],"version-history":[{"count":0,"href":"https:\/\/www.hkst.de\/en\/wp-json\/wp\/v2\/pages\/13568\/revisions"}],"wp:featuredmedia":[{"embeddable":true,"href":"https:\/\/www.hkst.de\/en\/wp-json\/wp\/v2\/media\/5648"}],"wp:attachment":[{"href":"https:\/\/www.hkst.de\/en\/wp-json\/wp\/v2\/media?parent=13568"}],"curies":[{"name":"wp","href":"https:\/\/api.w.org\/{rel}","templated":true}]}}