{"id":3294,"date":"2016-08-17T19:30:57","date_gmt":"2016-08-17T17:30:57","guid":{"rendered":"http:\/\/www.hkst.de\/en\/foerderung\/"},"modified":"2024-01-09T15:47:32","modified_gmt":"2024-01-09T14:47:32","slug":"subsidies","status":"publish","type":"page","link":"https:\/\/www.hkst.de\/en\/subsidies\/","title":{"rendered":"subsidies"},"content":{"rendered":"","protected":false},"excerpt":{"rendered":"","protected":false},"author":2,"featured_media":5648,"parent":0,"menu_order":0,"comment_status":"closed","ping_status":"closed","template":"page.php","meta":{"_acf_changed":false,"footnotes":""},"class_list":["post-3294","page","type-page","status-publish","has-post-thumbnail","hentry"],"acf":[],"yoast_head":"<!-- This site is optimized with the Yoast SEO plugin v27.2 - https:\/\/yoast.com\/product\/yoast-seo-wordpress\/ -->\n<title>subsidies &#183; Hessische Kulturstiftung<\/title>\n<meta name=\"robots\" content=\"index, follow, max-snippet:-1, max-image-preview:large, max-video-preview:-1\" \/>\n<link rel=\"canonical\" href=\"https:\/\/www.hkst.de\/en\/subsidies\/\" \/>\n<meta property=\"og:locale\" content=\"en_US\" \/>\n<meta property=\"og:type\" content=\"article\" \/>\n<meta property=\"og:title\" content=\"subsidies &#183; Hessische Kulturstiftung\" \/>\n<meta property=\"og:url\" content=\"https:\/\/www.hkst.de\/en\/subsidies\/\" \/>\n<meta property=\"og:site_name\" content=\"Hessische Kulturstiftung\" \/>\n<meta property=\"article:modified_time\" content=\"2024-01-09T14:47:32+00:00\" \/>\n<meta property=\"og:image\" content=\"https:\/\/www.hkst.de\/wp-content\/uploads\/2016\/08\/Nathaniel-Sheppard_Ke-Dezemba-Boss_2015_Sammlung-des-K\u00fcnstlers_Weltkulturen-Museum_Foto_Wolfgang-G\u00fcnzel-1503x1700.jpg\" \/>\n\t<meta property=\"og:image:width\" content=\"1503\" \/>\n\t<meta property=\"og:image:height\" content=\"1700\" \/>\n\t<meta property=\"og:image:type\" content=\"image\/jpeg\" \/>\n<meta name=\"twitter:card\" content=\"summary_large_image\" \/>\n<script type=\"application\/ld+json\" class=\"yoast-schema-graph\">{\"@context\":\"https:\/\/schema.org\",\"@graph\":[{\"@type\":\"WebPage\",\"@id\":\"https:\/\/www.hkst.de\/en\/subsidies\/\",\"url\":\"https:\/\/www.hkst.de\/en\/subsidies\/\",\"name\":\"subsidies &#183; Hessische Kulturstiftung\",\"isPartOf\":{\"@id\":\"https:\/\/www.hkst.de\/#website\"},\"primaryImageOfPage\":{\"@id\":\"https:\/\/www.hkst.de\/en\/subsidies\/#primaryimage\"},\"image\":{\"@id\":\"https:\/\/www.hkst.de\/en\/subsidies\/#primaryimage\"},\"thumbnailUrl\":\"https:\/\/www.hkst.de\/wp-content\/uploads\/2016\/08\/Nathaniel-Sheppard_Ke-Dezemba-Boss_2015_Sammlung-des-K\u00fcnstlers_Weltkulturen-Museum_Foto_Wolfgang-G\u00fcnzel.jpg\",\"datePublished\":\"2016-08-17T17:30:57+00:00\",\"dateModified\":\"2024-01-09T14:47:32+00:00\",\"breadcrumb\":{\"@id\":\"https:\/\/www.hkst.de\/en\/subsidies\/#breadcrumb\"},\"inLanguage\":\"en-US\",\"potentialAction\":[{\"@type\":\"ReadAction\",\"target\":[\"https:\/\/www.hkst.de\/en\/subsidies\/\"]}]},{\"@type\":\"ImageObject\",\"inLanguage\":\"en-US\",\"@id\":\"https:\/\/www.hkst.de\/en\/subsidies\/#primaryimage\",\"url\":\"https:\/\/www.hkst.de\/wp-content\/uploads\/2016\/08\/Nathaniel-Sheppard_Ke-Dezemba-Boss_2015_Sammlung-des-K\u00fcnstlers_Weltkulturen-Museum_Foto_Wolfgang-G\u00fcnzel.jpg\",\"contentUrl\":\"https:\/\/www.hkst.de\/wp-content\/uploads\/2016\/08\/Nathaniel-Sheppard_Ke-Dezemba-Boss_2015_Sammlung-des-K\u00fcnstlers_Weltkulturen-Museum_Foto_Wolfgang-G\u00fcnzel.jpg\",\"width\":2500,\"height\":2827,\"caption\":\"Nathaniel Sheppard Ke Dezemba Boss, 2015 Sammlung des K\u00fcnstlers Weltkulturen Museum Frankfurt, Foto: Wolfgang G\u00fcnzel\"},{\"@type\":\"BreadcrumbList\",\"@id\":\"https:\/\/www.hkst.de\/en\/subsidies\/#breadcrumb\",\"itemListElement\":[{\"@type\":\"ListItem\",\"position\":1,\"name\":\"Aktuell\",\"item\":\"https:\/\/www.hkst.de\/\"},{\"@type\":\"ListItem\",\"position\":2,\"name\":\"subsidies\"}]},{\"@type\":\"WebSite\",\"@id\":\"https:\/\/www.hkst.de\/#website\",\"url\":\"https:\/\/www.hkst.de\/\",\"name\":\"Hessische Kulturstiftung\",\"description\":\"-\",\"potentialAction\":[{\"@type\":\"SearchAction\",\"target\":{\"@type\":\"EntryPoint\",\"urlTemplate\":\"https:\/\/www.hkst.de\/?s={search_term_string}\"},\"query-input\":{\"@type\":\"PropertyValueSpecification\",\"valueRequired\":true,\"valueName\":\"search_term_string\"}}],\"inLanguage\":\"en-US\"}]}<\/script>\n<!-- \/ Yoast SEO plugin. -->","yoast_head_json":{"title":"subsidies &#183; Hessische Kulturstiftung","robots":{"index":"index","follow":"follow","max-snippet":"max-snippet:-1","max-image-preview":"max-image-preview:large","max-video-preview":"max-video-preview:-1"},"canonical":"https:\/\/www.hkst.de\/en\/subsidies\/","og_locale":"en_US","og_type":"article","og_title":"subsidies &#183; Hessische Kulturstiftung","og_url":"https:\/\/www.hkst.de\/en\/subsidies\/","og_site_name":"Hessische Kulturstiftung","article_modified_time":"2024-01-09T14:47:32+00:00","og_image":[{"width":1503,"height":1700,"url":"https:\/\/www.hkst.de\/wp-content\/uploads\/2016\/08\/Nathaniel-Sheppard_Ke-Dezemba-Boss_2015_Sammlung-des-K\u00fcnstlers_Weltkulturen-Museum_Foto_Wolfgang-G\u00fcnzel-1503x1700.jpg","type":"image\/jpeg"}],"twitter_card":"summary_large_image","schema":{"@context":"https:\/\/schema.org","@graph":[{"@type":"WebPage","@id":"https:\/\/www.hkst.de\/en\/subsidies\/","url":"https:\/\/www.hkst.de\/en\/subsidies\/","name":"subsidies &#183; Hessische Kulturstiftung","isPartOf":{"@id":"https:\/\/www.hkst.de\/#website"},"primaryImageOfPage":{"@id":"https:\/\/www.hkst.de\/en\/subsidies\/#primaryimage"},"image":{"@id":"https:\/\/www.hkst.de\/en\/subsidies\/#primaryimage"},"thumbnailUrl":"https:\/\/www.hkst.de\/wp-content\/uploads\/2016\/08\/Nathaniel-Sheppard_Ke-Dezemba-Boss_2015_Sammlung-des-K\u00fcnstlers_Weltkulturen-Museum_Foto_Wolfgang-G\u00fcnzel.jpg","datePublished":"2016-08-17T17:30:57+00:00","dateModified":"2024-01-09T14:47:32+00:00","breadcrumb":{"@id":"https:\/\/www.hkst.de\/en\/subsidies\/#breadcrumb"},"inLanguage":"en-US","potentialAction":[{"@type":"ReadAction","target":["https:\/\/www.hkst.de\/en\/subsidies\/"]}]},{"@type":"ImageObject","inLanguage":"en-US","@id":"https:\/\/www.hkst.de\/en\/subsidies\/#primaryimage","url":"https:\/\/www.hkst.de\/wp-content\/uploads\/2016\/08\/Nathaniel-Sheppard_Ke-Dezemba-Boss_2015_Sammlung-des-K\u00fcnstlers_Weltkulturen-Museum_Foto_Wolfgang-G\u00fcnzel.jpg","contentUrl":"https:\/\/www.hkst.de\/wp-content\/uploads\/2016\/08\/Nathaniel-Sheppard_Ke-Dezemba-Boss_2015_Sammlung-des-K\u00fcnstlers_Weltkulturen-Museum_Foto_Wolfgang-G\u00fcnzel.jpg","width":2500,"height":2827,"caption":"Nathaniel Sheppard Ke Dezemba Boss, 2015 Sammlung des K\u00fcnstlers Weltkulturen Museum Frankfurt, Foto: Wolfgang G\u00fcnzel"},{"@type":"BreadcrumbList","@id":"https:\/\/www.hkst.de\/en\/subsidies\/#breadcrumb","itemListElement":[{"@type":"ListItem","position":1,"name":"Aktuell","item":"https:\/\/www.hkst.de\/"},{"@type":"ListItem","position":2,"name":"subsidies"}]},{"@type":"WebSite","@id":"https:\/\/www.hkst.de\/#website","url":"https:\/\/www.hkst.de\/","name":"Hessische Kulturstiftung","description":"-","potentialAction":[{"@type":"SearchAction","target":{"@type":"EntryPoint","urlTemplate":"https:\/\/www.hkst.de\/?s={search_term_string}"},"query-input":{"@type":"PropertyValueSpecification","valueRequired":true,"valueName":"search_term_string"}}],"inLanguage":"en-US"}]}},"_links":{"self":[{"href":"https:\/\/www.hkst.de\/en\/wp-json\/wp\/v2\/pages\/3294","targetHints":{"allow":["GET"]}}],"collection":[{"href":"https:\/\/www.hkst.de\/en\/wp-json\/wp\/v2\/pages"}],"about":[{"href":"https:\/\/www.hkst.de\/en\/wp-json\/wp\/v2\/types\/page"}],"author":[{"embeddable":true,"href":"https:\/\/www.hkst.de\/en\/wp-json\/wp\/v2\/users\/2"}],"replies":[{"embeddable":true,"href":"https:\/\/www.hkst.de\/en\/wp-json\/wp\/v2\/comments?post=3294"}],"version-history":[{"count":1,"href":"https:\/\/www.hkst.de\/en\/wp-json\/wp\/v2\/pages\/3294\/revisions"}],"predecessor-version":[{"id":18979,"href":"https:\/\/www.hkst.de\/en\/wp-json\/wp\/v2\/pages\/3294\/revisions\/18979"}],"wp:featuredmedia":[{"embeddable":true,"href":"https:\/\/www.hkst.de\/en\/wp-json\/wp\/v2\/media\/5648"}],"wp:attachment":[{"href":"https:\/\/www.hkst.de\/en\/wp-json\/wp\/v2\/media?parent=3294"}],"curies":[{"name":"wp","href":"https:\/\/api.w.org\/{rel}","templated":true}]}}